{"id":357,"date":"2022-09-30T00:04:32","date_gmt":"2022-09-29T22:04:32","guid":{"rendered":"https:\/\/rhein-faehre.de\/?page_id=357"},"modified":"2023-05-07T21:29:13","modified_gmt":"2023-05-07T19:29:13","slug":"technik-2","status":"publish","type":"page","link":"https:\/\/rhein-faehre.de\/index.php\/technik-2\/","title":{"rendered":"Technik"},"content":{"rendered":"<div data-colibri-id=\"357-c1\" class=\"style-880 style-local-357-c1 position-relative\">\n  <!---->\n  <div data-colibri-component=\"section\" data-colibri-id=\"357-c2\" id=\"reusable-sections\" class=\"h-section h-section-global-spacing d-flex align-items-lg-center align-items-md-center align-items-center style-881 style-local-357-c2 position-relative\">\n    <!---->\n    <!---->\n    <div class=\"h-section-grid-container h-section-boxed-container\">\n      <!---->\n      <div data-colibri-id=\"357-c3\" class=\"h-row-container gutters-row-lg-0 gutters-row-md-0 gutters-row-0 gutters-row-v-lg-0 gutters-row-v-md-0 gutters-row-v-0 style-882 style-local-357-c3 position-relative\">\n        <!---->\n        <div class=\"h-row justify-content-lg-center justify-content-md-center justify-content-center align-items-lg-stretch align-items-md-stretch align-items-stretch gutters-col-lg-0 gutters-col-md-0 gutters-col-0 gutters-col-v-lg-0 gutters-col-v-md-0 gutters-col-v-0\">\n          <!---->\n          <div class=\"h-column h-column-container d-flex h-col-lg-auto h-col-md-auto h-col-auto style-883-outer style-local-357-c4-outer\">\n            <div data-colibri-id=\"357-c4\" class=\"d-flex h-flex-basis h-column__inner h-px-lg-2 h-px-md-2 h-px-2 v-inner-lg-2 v-inner-md-2 v-inner-2 style-883 style-local-357-c4 position-relative\">\n              <!---->\n              <!---->\n              <div class=\"w-100 h-y-container h-column__content h-column__v-align flex-basis-100 align-self-lg-start align-self-md-start align-self-start\">\n                <!---->\n                <div data-colibri-id=\"357-c5\" class=\"page-title style-884 style-local-357-c5 position-relative h-element\">\n                  <!---->\n                  <div class=\"h-page-title__outer style-884-outer style-local-357-c5-outer\">\n                    <div class=\"h-global-transition-all\"><span><h1 style='margin-bottom:0'>Technik<\/h1><\/span><\/div>\n                  <\/div>\n                <\/div>\n              <\/div>\n            <\/div>\n          <\/div>\n          <div class=\"h-column h-column-container d-flex h-col-lg-auto h-col-md-auto h-col-auto style-885-outer style-local-357-c6-outer\">\n            <div data-colibri-id=\"357-c6\" class=\"d-flex h-flex-basis h-column__inner h-px-lg-2 h-px-md-2 h-px-2 v-inner-lg-2 v-inner-md-2 v-inner-2 style-885 style-local-357-c6 position-relative\">\n              <!---->\n              <!---->\n              <div class=\"w-100 h-y-container h-column__content h-column__v-align flex-basis-100 align-self-lg-start align-self-md-start align-self-start\">\n                <!---->\n                <div data-colibri-id=\"357-c7\" class=\"h-text h-text-component style-886 style-local-357-c7 position-relative h-element\">\n                  <!---->\n                  <!---->\n                  <div class=\"\">\n                    <p>Hier finden Sie einen Einblick in die Technik der Maria-Franziska<\/p>\n                  <\/div>\n                <\/div>\n                <div data-colibri-id=\"357-c8\" class=\"style-887 style-local-357-c8 position-relative h-element\">\n                  <!---->\n                  <div class=\"\"><table id=\"technik-maria\" border=\"0\">\r\n<tbody>\r\n<tr>\r\n<td><strong>Baujahr&nbsp;<\/strong><\/td>\r\n<td>1993 in Zwartsluis, Holland&nbsp;<\/td>\r\n<\/tr>\r\n<tr>\r\n<td><strong>Ma\u00dfe:<\/strong><\/td>\r\n<td>L\u00e4nge \u00fcber alles 30 m, Breite \u00fcber alles 6 m<br>gr\u00f6\u00dfter Tiefgang 0,95 m<br>Der Schiffsk\u00f6rper ist in 5 wasserdichte R\u00e4ume<br>unterteilt.<\/td>\r\n<\/tr>\r\n<tr>\r\n<td><strong>max. Geschwindigkeit<\/strong><\/td>\r\n<td>17 km\/h (im stillen Wasser gemessen)<\/td>\r\n<\/tr>\r\n<tr>\r\n<td><strong>Stromversorgung:<\/strong><\/td>\r\n<td>24 V Bordspannung<br>230 V Stromgenerator, Deutz TCD 2012 L4, 67KW bei 2400U\/min., 65 KVA ist ca. 65000 Watt. Wassergek\u00fchlt.<br>Erf\u00fcllt die Abgasnorm EU Stufe III A<br><strong>Eingebaut Jan.2009<br><\/strong><\/td>\r\n<\/tr>\r\n<tr>\r\n<td><strong>Antriebsmotoren:<\/strong><\/td>\r\n<td>2 x Deutz BF6M 1013 MC, 148 KW bei 2300 U\/min.,wassergek\u00fchlt.<br>Erf\u00fcllt die Abgasnorm EU Stufe&nbsp;III A<br><strong>Eingebaut Jan. 2009<br><\/strong><\/td>\r\n<\/tr>\r\n<tr>\r\n<td><strong>Antriebssystem:<\/strong><\/td>\r\n<td>2 x Propeller, 65 cm, 5 Fl\u00fcgel,&nbsp;1 x Bugstrahlruder 18 kW<\/td>\r\n<\/tr>\r\n<tr>\r\n<td><strong>Tragf\u00e4higkeit:<\/strong><\/td>\r\n<td>22,5 Tonnen, oder 150 Personen<\/td>\r\n<\/tr>\r\n<tr>\r\n<td><strong>Nautische Ausstattung:<\/strong><\/td>\r\n<td>2 x UKW Funkanlagen Sailor RT 2048,<br>Swiss Radar Precicion Navigator II, + Kompass, Wendeanzeiger, AIS.<\/td>\r\n<\/tr>\r\n<tr>\r\n<td><strong>Kraftstoffvorrat:<\/strong><\/td>\r\n<td>5.000 Liter&nbsp;<\/td>\r\n<\/tr>\r\n<tr>\r\n<td><strong>Trinkwasser Vorrat:<\/strong><\/td>\r\n<td>2.500 Liter&nbsp;<\/td>\r\n<\/tr>\r\n<tr>\r\n<td><strong>F\u00e4kalien:<\/strong><\/td>\r\n<td>2.500 Liter<\/td>\r\n<\/tr>\r\n<\/tbody>\r\n<\/table><\/div>\n                <\/div>\n                <div data-colibri-component=\"masonry\" data-colibri-id=\"357-c9\" class=\"h-photo-gallery margin-none caption-none photo-gallery--with-hover-effect photo-gallery--with-hover-effect--zoom style-888 style-local-357-c9 position-relative h-element\">\n                  <!---->\n                  <div class=\"h-global-transition-all\"><div id='colibri-357-c9' class='gallery-wrapper'>    <style type=\"text\/css\">\n\n        @media (min-width: 1023px) {        #colibri-357-c9        dl {\n            float: left;\n            width: 20% !important;\n            max-width: 20% !important;\n            min-width: 20% !important;\n        }\n\n        #colibri-357-c9        dl:nth-of-type(5n +1 ) {\n            clear: both;\n        }\n\n        }@media (min-width: 768px) and (max-width: 1023px) {        #colibri-357-c9        dl {\n            float: left;\n            width: 20% !important;\n            max-width: 20% !important;\n            min-width: 20% !important;\n        }\n\n        #colibri-357-c9        dl:nth-of-type(5n +1 ) {\n            clear: both;\n        }\n\n        }@media (max-width: 767px) {        #colibri-357-c9        dl {\n            float: left;\n            width: 20% !important;\n            max-width: 20% !important;\n            min-width: 20% !important;\n        }\n\n        #colibri-357-c9        dl:nth-of-type(5n +1 ) {\n            clear: both;\n        }\n\n        }\n        #colibri-357-c9        .gallery-item {\n            position: relative;\n        }\n\n        \n    <\/style>\n    <div   class='colibri-357-c9-dls-wrapper gallery-items-wrapper' ><dl class='gallery-item masonry-item'>\n\t\t\t<dt class='gallery-icon landscape'>\n\t\t\t\t<a data-fancybox=\"colibri-357-c9-group\" href='https:\/\/rhein-faehre.de\/wp-content\/uploads\/2023\/05\/Bild003.jpg'><img decoding=\"async\"  width=\"300\" height=\"225\" data-src=\"https:\/\/rhein-faehre.de\/wp-content\/uploads\/2023\/05\/Bild003-300x225.jpg\"  class='colibri-357-c9-image lazyload' alt=\"\" data-srcset=\"https:\/\/rhein-faehre.de\/wp-content\/uploads\/2023\/05\/Bild003-300x225.jpg 300w, https:\/\/rhein-faehre.de\/wp-content\/uploads\/2023\/05\/Bild003-1024x768.jpg 1024w, https:\/\/rhein-faehre.de\/wp-content\/uploads\/2023\/05\/Bild003-768x576.jpg 768w, https:\/\/rhein-faehre.de\/wp-content\/uploads\/2023\/05\/Bild003-1536x1152.jpg 1536w, https:\/\/rhein-faehre.de\/wp-content\/uploads\/2023\/05\/Bild003.jpg 2048w\" data-sizes=\"(max-width: 300px) 100vw, 300px\" src=\"data:image\/svg+xml;base64,PHN2ZyB3aWR0aD0iMSIgaGVpZ2h0PSIxIiB4bWxucz0iaHR0cDovL3d3dy53My5vcmcvMjAwMC9zdmciPjwvc3ZnPg==\" style=\"--smush-placeholder-width: 300px; --smush-placeholder-aspect-ratio: 300\/225;\" \/><\/a>\n\t\t\t<\/dt><\/dl><dl class='gallery-item masonry-item'>\n\t\t\t<dt class='gallery-icon landscape'>\n\t\t\t\t<a data-fancybox=\"colibri-357-c9-group\" href='https:\/\/rhein-faehre.de\/wp-content\/uploads\/2023\/05\/Bild004.jpg'><img decoding=\"async\"  width=\"300\" height=\"225\" data-src=\"https:\/\/rhein-faehre.de\/wp-content\/uploads\/2023\/05\/Bild004-300x225.jpg\"  class='colibri-357-c9-image lazyload' alt=\"\" data-srcset=\"https:\/\/rhein-faehre.de\/wp-content\/uploads\/2023\/05\/Bild004-300x225.jpg 300w, https:\/\/rhein-faehre.de\/wp-content\/uploads\/2023\/05\/Bild004-768x576.jpg 768w, https:\/\/rhein-faehre.de\/wp-content\/uploads\/2023\/05\/Bild004.jpg 1000w\" data-sizes=\"(max-width: 300px) 100vw, 300px\" src=\"data:image\/svg+xml;base64,PHN2ZyB3aWR0aD0iMSIgaGVpZ2h0PSIxIiB4bWxucz0iaHR0cDovL3d3dy53My5vcmcvMjAwMC9zdmciPjwvc3ZnPg==\" style=\"--smush-placeholder-width: 300px; --smush-placeholder-aspect-ratio: 300\/225;\" \/><\/a>\n\t\t\t<\/dt><\/dl><dl class='gallery-item masonry-item'>\n\t\t\t<dt class='gallery-icon landscape'>\n\t\t\t\t<a data-fancybox=\"colibri-357-c9-group\" href='https:\/\/rhein-faehre.de\/wp-content\/uploads\/2023\/05\/Bild008.jpg'><img decoding=\"async\"  width=\"300\" height=\"225\" data-src=\"https:\/\/rhein-faehre.de\/wp-content\/uploads\/2023\/05\/Bild008-300x225.jpg\"  class='colibri-357-c9-image lazyload' alt=\"\" data-srcset=\"https:\/\/rhein-faehre.de\/wp-content\/uploads\/2023\/05\/Bild008-300x225.jpg 300w, https:\/\/rhein-faehre.de\/wp-content\/uploads\/2023\/05\/Bild008-1024x768.jpg 1024w, https:\/\/rhein-faehre.de\/wp-content\/uploads\/2023\/05\/Bild008-768x576.jpg 768w, https:\/\/rhein-faehre.de\/wp-content\/uploads\/2023\/05\/Bild008-1536x1152.jpg 1536w, https:\/\/rhein-faehre.de\/wp-content\/uploads\/2023\/05\/Bild008.jpg 2048w\" data-sizes=\"(max-width: 300px) 100vw, 300px\" src=\"data:image\/svg+xml;base64,PHN2ZyB3aWR0aD0iMSIgaGVpZ2h0PSIxIiB4bWxucz0iaHR0cDovL3d3dy53My5vcmcvMjAwMC9zdmciPjwvc3ZnPg==\" style=\"--smush-placeholder-width: 300px; --smush-placeholder-aspect-ratio: 300\/225;\" \/><\/a>\n\t\t\t<\/dt><\/dl><dl class='gallery-item masonry-item'>\n\t\t\t<dt class='gallery-icon landscape'>\n\t\t\t\t<a data-fancybox=\"colibri-357-c9-group\" href='https:\/\/rhein-faehre.de\/wp-content\/uploads\/2023\/05\/Bild009-2.jpg'><img decoding=\"async\"  width=\"300\" height=\"225\" data-src=\"https:\/\/rhein-faehre.de\/wp-content\/uploads\/2023\/05\/Bild009-2-300x225.jpg\"  class='colibri-357-c9-image lazyload' alt=\"\" data-srcset=\"https:\/\/rhein-faehre.de\/wp-content\/uploads\/2023\/05\/Bild009-2-300x225.jpg 300w, https:\/\/rhein-faehre.de\/wp-content\/uploads\/2023\/05\/Bild009-2-768x576.jpg 768w, https:\/\/rhein-faehre.de\/wp-content\/uploads\/2023\/05\/Bild009-2.jpg 1000w\" data-sizes=\"(max-width: 300px) 100vw, 300px\" src=\"data:image\/svg+xml;base64,PHN2ZyB3aWR0aD0iMSIgaGVpZ2h0PSIxIiB4bWxucz0iaHR0cDovL3d3dy53My5vcmcvMjAwMC9zdmciPjwvc3ZnPg==\" style=\"--smush-placeholder-width: 300px; --smush-placeholder-aspect-ratio: 300\/225;\" \/><\/a>\n\t\t\t<\/dt><\/dl><dl class='gallery-item masonry-item'>\n\t\t\t<dt class='gallery-icon landscape'>\n\t\t\t\t<a data-fancybox=\"colibri-357-c9-group\" href='https:\/\/rhein-faehre.de\/wp-content\/uploads\/2023\/05\/Bild010.jpg'><img decoding=\"async\"  width=\"300\" height=\"225\" data-src=\"https:\/\/rhein-faehre.de\/wp-content\/uploads\/2023\/05\/Bild010-300x225.jpg\"  class='colibri-357-c9-image lazyload' alt=\"\" data-srcset=\"https:\/\/rhein-faehre.de\/wp-content\/uploads\/2023\/05\/Bild010-300x225.jpg 300w, https:\/\/rhein-faehre.de\/wp-content\/uploads\/2023\/05\/Bild010-1024x768.jpg 1024w, https:\/\/rhein-faehre.de\/wp-content\/uploads\/2023\/05\/Bild010-768x576.jpg 768w, https:\/\/rhein-faehre.de\/wp-content\/uploads\/2023\/05\/Bild010-1536x1152.jpg 1536w, https:\/\/rhein-faehre.de\/wp-content\/uploads\/2023\/05\/Bild010.jpg 2048w\" data-sizes=\"(max-width: 300px) 100vw, 300px\" src=\"data:image\/svg+xml;base64,PHN2ZyB3aWR0aD0iMSIgaGVpZ2h0PSIxIiB4bWxucz0iaHR0cDovL3d3dy53My5vcmcvMjAwMC9zdmciPjwvc3ZnPg==\" style=\"--smush-placeholder-width: 300px; --smush-placeholder-aspect-ratio: 300\/225;\" \/><\/a>\n\t\t\t<\/dt><\/dl><dl class='gallery-item masonry-item'>\n\t\t\t<dt class='gallery-icon landscape'>\n\t\t\t\t<a data-fancybox=\"colibri-357-c9-group\" href='https:\/\/rhein-faehre.de\/wp-content\/uploads\/2023\/05\/DSC_0169.jpg'><img decoding=\"async\"  width=\"300\" height=\"199\" data-src=\"https:\/\/rhein-faehre.de\/wp-content\/uploads\/2023\/05\/DSC_0169-300x199.jpg\"  class='colibri-357-c9-image lazyload' alt=\"\" data-srcset=\"https:\/\/rhein-faehre.de\/wp-content\/uploads\/2023\/05\/DSC_0169-300x199.jpg 300w, https:\/\/rhein-faehre.de\/wp-content\/uploads\/2023\/05\/DSC_0169-768x510.jpg 768w, https:\/\/rhein-faehre.de\/wp-content\/uploads\/2023\/05\/DSC_0169.jpg 1000w\" data-sizes=\"(max-width: 300px) 100vw, 300px\" src=\"data:image\/svg+xml;base64,PHN2ZyB3aWR0aD0iMSIgaGVpZ2h0PSIxIiB4bWxucz0iaHR0cDovL3d3dy53My5vcmcvMjAwMC9zdmciPjwvc3ZnPg==\" style=\"--smush-placeholder-width: 300px; --smush-placeholder-aspect-ratio: 300\/199;\" \/><\/a>\n\t\t\t<\/dt><\/dl><dl class='gallery-item masonry-item'>\n\t\t\t<dt class='gallery-icon landscape'>\n\t\t\t\t<a data-fancybox=\"colibri-357-c9-group\" href='https:\/\/rhein-faehre.de\/wp-content\/uploads\/2023\/05\/DSC_0171.jpg'><img decoding=\"async\"  width=\"300\" height=\"199\" data-src=\"https:\/\/rhein-faehre.de\/wp-content\/uploads\/2023\/05\/DSC_0171-300x199.jpg\"  class='colibri-357-c9-image lazyload' alt=\"\" data-srcset=\"https:\/\/rhein-faehre.de\/wp-content\/uploads\/2023\/05\/DSC_0171-300x199.jpg 300w, https:\/\/rhein-faehre.de\/wp-content\/uploads\/2023\/05\/DSC_0171-768x510.jpg 768w, https:\/\/rhein-faehre.de\/wp-content\/uploads\/2023\/05\/DSC_0171.jpg 1000w\" data-sizes=\"(max-width: 300px) 100vw, 300px\" src=\"data:image\/svg+xml;base64,PHN2ZyB3aWR0aD0iMSIgaGVpZ2h0PSIxIiB4bWxucz0iaHR0cDovL3d3dy53My5vcmcvMjAwMC9zdmciPjwvc3ZnPg==\" style=\"--smush-placeholder-width: 300px; --smush-placeholder-aspect-ratio: 300\/199;\" \/><\/a>\n\t\t\t<\/dt><\/dl><dl class='gallery-item masonry-item'>\n\t\t\t<dt class='gallery-icon landscape'>\n\t\t\t\t<a data-fancybox=\"colibri-357-c9-group\" href='https:\/\/rhein-faehre.de\/wp-content\/uploads\/2023\/05\/DSC_0181.jpg'><img decoding=\"async\"  width=\"300\" height=\"199\" data-src=\"https:\/\/rhein-faehre.de\/wp-content\/uploads\/2023\/05\/DSC_0181-300x199.jpg\"  class='colibri-357-c9-image lazyload' alt=\"\" data-srcset=\"https:\/\/rhein-faehre.de\/wp-content\/uploads\/2023\/05\/DSC_0181-300x199.jpg 300w, https:\/\/rhein-faehre.de\/wp-content\/uploads\/2023\/05\/DSC_0181-768x510.jpg 768w, https:\/\/rhein-faehre.de\/wp-content\/uploads\/2023\/05\/DSC_0181.jpg 1000w\" data-sizes=\"(max-width: 300px) 100vw, 300px\" src=\"data:image\/svg+xml;base64,PHN2ZyB3aWR0aD0iMSIgaGVpZ2h0PSIxIiB4bWxucz0iaHR0cDovL3d3dy53My5vcmcvMjAwMC9zdmciPjwvc3ZnPg==\" style=\"--smush-placeholder-width: 300px; --smush-placeholder-aspect-ratio: 300\/199;\" \/><\/a>\n\t\t\t<\/dt><\/dl><dl class='gallery-item masonry-item'>\n\t\t\t<dt class='gallery-icon landscape'>\n\t\t\t\t<a data-fancybox=\"colibri-357-c9-group\" href='https:\/\/rhein-faehre.de\/wp-content\/uploads\/2023\/05\/maria2.jpg'><img decoding=\"async\"  width=\"300\" height=\"104\" data-src=\"https:\/\/rhein-faehre.de\/wp-content\/uploads\/2023\/05\/maria2-300x104.jpg\"  class='colibri-357-c9-image lazyload' alt=\"\" data-srcset=\"https:\/\/rhein-faehre.de\/wp-content\/uploads\/2023\/05\/maria2-300x104.jpg 300w, https:\/\/rhein-faehre.de\/wp-content\/uploads\/2023\/05\/maria2-768x267.jpg 768w, https:\/\/rhein-faehre.de\/wp-content\/uploads\/2023\/05\/maria2.jpg 1000w\" data-sizes=\"(max-width: 300px) 100vw, 300px\" src=\"data:image\/svg+xml;base64,PHN2ZyB3aWR0aD0iMSIgaGVpZ2h0PSIxIiB4bWxucz0iaHR0cDovL3d3dy53My5vcmcvMjAwMC9zdmciPjwvc3ZnPg==\" style=\"--smush-placeholder-width: 300px; --smush-placeholder-aspect-ratio: 300\/104;\" \/><\/a>\n\t\t\t<\/dt><\/dl><dl class='gallery-item masonry-item'>\n\t\t\t<dt class='gallery-icon landscape'>\n\t\t\t\t<a data-fancybox=\"colibri-357-c9-group\" href='https:\/\/rhein-faehre.de\/wp-content\/uploads\/2023\/05\/SL380456.jpg'><img decoding=\"async\"  width=\"300\" height=\"225\" data-src=\"https:\/\/rhein-faehre.de\/wp-content\/uploads\/2023\/05\/SL380456-300x225.jpg\"  class='colibri-357-c9-image lazyload' alt=\"\" data-srcset=\"https:\/\/rhein-faehre.de\/wp-content\/uploads\/2023\/05\/SL380456-300x225.jpg 300w, https:\/\/rhein-faehre.de\/wp-content\/uploads\/2023\/05\/SL380456-768x576.jpg 768w, https:\/\/rhein-faehre.de\/wp-content\/uploads\/2023\/05\/SL380456.jpg 1000w\" data-sizes=\"(max-width: 300px) 100vw, 300px\" src=\"data:image\/svg+xml;base64,PHN2ZyB3aWR0aD0iMSIgaGVpZ2h0PSIxIiB4bWxucz0iaHR0cDovL3d3dy53My5vcmcvMjAwMC9zdmciPjwvc3ZnPg==\" style=\"--smush-placeholder-width: 300px; --smush-placeholder-aspect-ratio: 300\/225;\" \/><\/a>\n\t\t\t<\/dt><\/dl><dl class='gallery-item masonry-item'>\n\t\t\t<dt class='gallery-icon landscape'>\n\t\t\t\t<a data-fancybox=\"colibri-357-c9-group\" href='https:\/\/rhein-faehre.de\/wp-content\/uploads\/2023\/05\/SL380465.jpg'><img decoding=\"async\"  width=\"300\" height=\"225\" data-src=\"https:\/\/rhein-faehre.de\/wp-content\/uploads\/2023\/05\/SL380465-300x225.jpg\"  class='colibri-357-c9-image lazyload' alt=\"\" data-srcset=\"https:\/\/rhein-faehre.de\/wp-content\/uploads\/2023\/05\/SL380465-300x225.jpg 300w, https:\/\/rhein-faehre.de\/wp-content\/uploads\/2023\/05\/SL380465-768x576.jpg 768w, https:\/\/rhein-faehre.de\/wp-content\/uploads\/2023\/05\/SL380465.jpg 1000w\" data-sizes=\"(max-width: 300px) 100vw, 300px\" src=\"data:image\/svg+xml;base64,PHN2ZyB3aWR0aD0iMSIgaGVpZ2h0PSIxIiB4bWxucz0iaHR0cDovL3d3dy53My5vcmcvMjAwMC9zdmciPjwvc3ZnPg==\" style=\"--smush-placeholder-width: 300px; --smush-placeholder-aspect-ratio: 300\/225;\" \/><\/a>\n\t\t\t<\/dt><\/dl><dl class='gallery-item masonry-item'>\n\t\t\t<dt class='gallery-icon landscape'>\n\t\t\t\t<a data-fancybox=\"colibri-357-c9-group\" href='https:\/\/rhein-faehre.de\/wp-content\/uploads\/2023\/05\/SL382329-scaled.jpg'><img decoding=\"async\"  width=\"300\" height=\"225\" data-src=\"https:\/\/rhein-faehre.de\/wp-content\/uploads\/2023\/05\/SL382329-300x225.jpg\"  class='colibri-357-c9-image lazyload' alt=\"\" data-srcset=\"https:\/\/rhein-faehre.de\/wp-content\/uploads\/2023\/05\/SL382329-300x225.jpg 300w, https:\/\/rhein-faehre.de\/wp-content\/uploads\/2023\/05\/SL382329-1024x768.jpg 1024w, https:\/\/rhein-faehre.de\/wp-content\/uploads\/2023\/05\/SL382329-768x576.jpg 768w, https:\/\/rhein-faehre.de\/wp-content\/uploads\/2023\/05\/SL382329-1536x1152.jpg 1536w, https:\/\/rhein-faehre.de\/wp-content\/uploads\/2023\/05\/SL382329-2048x1536.jpg 2048w\" data-sizes=\"(max-width: 300px) 100vw, 300px\" src=\"data:image\/svg+xml;base64,PHN2ZyB3aWR0aD0iMSIgaGVpZ2h0PSIxIiB4bWxucz0iaHR0cDovL3d3dy53My5vcmcvMjAwMC9zdmciPjwvc3ZnPg==\" style=\"--smush-placeholder-width: 300px; --smush-placeholder-aspect-ratio: 300\/225;\" \/><\/a>\n\t\t\t<\/dt><\/dl><dl class='gallery-item masonry-item'>\n\t\t\t<dt class='gallery-icon landscape'>\n\t\t\t\t<a data-fancybox=\"colibri-357-c9-group\" href='https:\/\/rhein-faehre.de\/wp-content\/uploads\/2023\/05\/SL382330-scaled.jpg'><img decoding=\"async\"  width=\"300\" height=\"225\" data-src=\"https:\/\/rhein-faehre.de\/wp-content\/uploads\/2023\/05\/SL382330-300x225.jpg\"  class='colibri-357-c9-image lazyload' alt=\"\" data-srcset=\"https:\/\/rhein-faehre.de\/wp-content\/uploads\/2023\/05\/SL382330-300x225.jpg 300w, https:\/\/rhein-faehre.de\/wp-content\/uploads\/2023\/05\/SL382330-1024x768.jpg 1024w, https:\/\/rhein-faehre.de\/wp-content\/uploads\/2023\/05\/SL382330-768x576.jpg 768w, https:\/\/rhein-faehre.de\/wp-content\/uploads\/2023\/05\/SL382330-1536x1152.jpg 1536w, https:\/\/rhein-faehre.de\/wp-content\/uploads\/2023\/05\/SL382330-2048x1536.jpg 2048w\" data-sizes=\"(max-width: 300px) 100vw, 300px\" src=\"data:image\/svg+xml;base64,PHN2ZyB3aWR0aD0iMSIgaGVpZ2h0PSIxIiB4bWxucz0iaHR0cDovL3d3dy53My5vcmcvMjAwMC9zdmciPjwvc3ZnPg==\" style=\"--smush-placeholder-width: 300px; --smush-placeholder-aspect-ratio: 300\/225;\" \/><\/a>\n\t\t\t<\/dt><\/dl><dl class='gallery-item masonry-item'>\n\t\t\t<dt class='gallery-icon landscape'>\n\t\t\t\t<a data-fancybox=\"colibri-357-c9-group\" href='https:\/\/rhein-faehre.de\/wp-content\/uploads\/2023\/05\/SL382333.jpg'><img decoding=\"async\"  width=\"300\" height=\"225\" data-src=\"https:\/\/rhein-faehre.de\/wp-content\/uploads\/2023\/05\/SL382333-300x225.jpg\"  class='colibri-357-c9-image lazyload' alt=\"\" data-srcset=\"https:\/\/rhein-faehre.de\/wp-content\/uploads\/2023\/05\/SL382333-300x225.jpg 300w, https:\/\/rhein-faehre.de\/wp-content\/uploads\/2023\/05\/SL382333-768x576.jpg 768w, https:\/\/rhein-faehre.de\/wp-content\/uploads\/2023\/05\/SL382333.jpg 1000w\" data-sizes=\"(max-width: 300px) 100vw, 300px\" src=\"data:image\/svg+xml;base64,PHN2ZyB3aWR0aD0iMSIgaGVpZ2h0PSIxIiB4bWxucz0iaHR0cDovL3d3dy53My5vcmcvMjAwMC9zdmciPjwvc3ZnPg==\" style=\"--smush-placeholder-width: 300px; --smush-placeholder-aspect-ratio: 300\/225;\" \/><\/a>\n\t\t\t<\/dt><\/dl><dl class='gallery-item masonry-item'>\n\t\t\t<dt class='gallery-icon landscape'>\n\t\t\t\t<a data-fancybox=\"colibri-357-c9-group\" href='https:\/\/rhein-faehre.de\/wp-content\/uploads\/2023\/05\/Steuerhaus.jpg'><img decoding=\"async\"  width=\"300\" height=\"224\" data-src=\"https:\/\/rhein-faehre.de\/wp-content\/uploads\/2023\/05\/Steuerhaus-300x224.jpg\"  class='colibri-357-c9-image lazyload' alt=\"\" data-srcset=\"https:\/\/rhein-faehre.de\/wp-content\/uploads\/2023\/05\/Steuerhaus-300x224.jpg 300w, https:\/\/rhein-faehre.de\/wp-content\/uploads\/2023\/05\/Steuerhaus.jpg 500w\" data-sizes=\"(max-width: 300px) 100vw, 300px\" src=\"data:image\/svg+xml;base64,PHN2ZyB3aWR0aD0iMSIgaGVpZ2h0PSIxIiB4bWxucz0iaHR0cDovL3d3dy53My5vcmcvMjAwMC9zdmciPjwvc3ZnPg==\" style=\"--smush-placeholder-width: 300px; --smush-placeholder-aspect-ratio: 300\/224;\" \/><\/a>\n\t\t\t<\/dt><\/dl>\n\t\t\t\n\t\t<\/div>\n<style>#colibri-357-c9 .wp-caption-text.gallery-caption{display:none;}<\/style><\/div><\/div>\n                <\/div>\n              <\/div>\n            <\/div>\n          <\/div>\n        <\/div>\n      <\/div>\n    <\/div>\n  <\/div>\n<\/div>","protected":false},"excerpt":{"rendered":"<p>Hier finden Sie einen Einblick in die Technik der Maria-Franziska<\/p>\n","protected":false},"author":1,"featured_media":0,"parent":0,"menu_order":0,"comment_status":"closed","ping_status":"closed","template":"page-templates\/full-width-page.php","meta":{"ngg_post_thumbnail":0,"footnotes":""},"class_list":["post-357","page","type-page","status-publish","hentry"],"_links":{"self":[{"href":"https:\/\/rhein-faehre.de\/index.php\/wp-json\/wp\/v2\/pages\/357","targetHints":{"allow":["GET"]}}],"collection":[{"href":"https:\/\/rhein-faehre.de\/index.php\/wp-json\/wp\/v2\/pages"}],"about":[{"href":"https:\/\/rhein-faehre.de\/index.php\/wp-json\/wp\/v2\/types\/page"}],"author":[{"embeddable":true,"href":"https:\/\/rhein-faehre.de\/index.php\/wp-json\/wp\/v2\/users\/1"}],"replies":[{"embeddable":true,"href":"https:\/\/rhein-faehre.de\/index.php\/wp-json\/wp\/v2\/comments?post=357"}],"version-history":[{"count":5,"href":"https:\/\/rhein-faehre.de\/index.php\/wp-json\/wp\/v2\/pages\/357\/revisions"}],"predecessor-version":[{"id":1685,"href":"https:\/\/rhein-faehre.de\/index.php\/wp-json\/wp\/v2\/pages\/357\/revisions\/1685"}],"wp:attachment":[{"href":"https:\/\/rhein-faehre.de\/index.php\/wp-json\/wp\/v2\/media?parent=357"}],"curies":[{"name":"wp","href":"https:\/\/api.w.org\/{rel}","templated":true}]}}