{"id":356,"date":"2022-09-30T00:04:32","date_gmt":"2022-09-29T22:04:32","guid":{"rendered":"https:\/\/rhein-faehre.de\/?page_id=356"},"modified":"2025-02-20T17:06:08","modified_gmt":"2025-02-20T16:06:08","slug":"fahrzeiten-3","status":"publish","type":"page","link":"https:\/\/rhein-faehre.de\/index.php\/fahrzeiten-3\/","title":{"rendered":"Fahrzeiten"},"content":{"rendered":"<div class=\"style-870 style-local-356-c1 position-relative\" data-colibri-id=\"356-c1\">\n<div id=\"reusable-sections\" class=\"h-section h-section-global-spacing d-flex align-items-lg-center align-items-md-center align-items-center style-871 style-local-356-c2 position-relative\" data-colibri-component=\"section\" data-colibri-id=\"356-c2\">\n<div class=\"h-section-grid-container h-section-boxed-container\">\n<div class=\"h-row-container gutters-row-lg-0 gutters-row-md-0 gutters-row-0 gutters-row-v-lg-0 gutters-row-v-md-0 gutters-row-v-0 style-872 style-local-356-c3 position-relative\" data-colibri-id=\"356-c3\">\n<div class=\"h-row justify-content-lg-center justify-content-md-center justify-content-center align-items-lg-stretch align-items-md-stretch align-items-stretch gutters-col-lg-0 gutters-col-md-0 gutters-col-0 gutters-col-v-lg-0 gutters-col-v-md-0 gutters-col-v-0\">\n<div class=\"h-column h-column-container d-flex h-col-lg-auto h-col-md-auto h-col-auto style-873-outer style-local-356-c4-outer\">\n<div class=\"d-flex h-flex-basis h-column__inner h-px-lg-2 h-px-md-2 h-px-2 v-inner-lg-2 v-inner-md-2 v-inner-2 style-873 style-local-356-c4 position-relative\" data-colibri-id=\"356-c4\">\n<div class=\"w-100 h-y-container h-column__content h-column__v-align flex-basis-100 align-self-lg-start align-self-md-start align-self-start\">\n<div class=\"page-title style-874 style-local-356-c5 position-relative h-element\" data-colibri-id=\"356-c5\">\n<div class=\"h-page-title__outer style-874-outer style-local-356-c5-outer\">\n<div class=\"h-global-transition-all\"><span><h1 style='margin-bottom:0'>Fahrzeiten<\/h1><\/span><\/div>\n<\/div>\n<\/div>\n<\/div>\n<\/div>\n<\/div>\n<div class=\"h-column h-column-container d-flex h-col-lg-auto h-col-md-auto h-col-auto style-875-outer style-local-356-c6-outer\">\n<div class=\"d-flex h-flex-basis h-column__inner h-px-lg-2 h-px-md-2 h-px-2 v-inner-lg-2 v-inner-md-2 v-inner-2 style-875 style-local-356-c6 position-relative\" data-colibri-id=\"356-c6\">\n<div class=\"w-100 h-y-container h-column__content h-column__v-align flex-basis-100 align-self-lg-start align-self-md-start align-self-start\">\n<div class=\"h-text h-text-component style-876 style-local-356-c7 position-relative h-element\" data-colibri-id=\"356-c7\"><span style=\"color: #ff0000;\"><em style=\"color: #ff0000; font-weight: bold;\">In 2025 wird die Personen -und Fahrradf\u00e4hre nicht zwischen Uedesheim und Himmelgeist fahren!&nbsp;<\/em><\/span><\/div>\n<div class=\"h-text h-text-component style-877 style-local-356-c8 position-relative h-element\" data-colibri-id=\"356-c8\">\n<div class=\"\">\n\n&nbsp;\n\nAn der F\u00e4hrstelle zwischen<strong>&nbsp;Neuss-Uedesheim<\/strong>&nbsp;und<strong>&nbsp;D\u00fcsseldorf-Himmelgeist<\/strong>&nbsp;bringt Sie unser kleineres Schiff, die&nbsp;&#8222;Maria-Franziska&#8220;, in den Sommermonaten \u00fcber den Rhein.&nbsp;\n<strong style=\"color: #ff0000;\">&nbsp;(Nur Radfahrer und Fu\u00dfg\u00e4nger!)<\/strong>\n\n<\/div>\n<\/div>\n<div class=\"h-text h-text-component style-878 style-local-356-c9 position-relative h-element\" data-colibri-id=\"356-c9\">\n<div class=\"\">\n<h3><strong style=\"color: #333399;\"><em>Bei sch\u00f6nem Wetter f\u00e4hrt die F\u00e4hre an<\/em><\/strong><\/h3>\n<h3><strong style=\"color: #333399;\"><em>Wochenenden und Feiertagen von 10.30 Uhr bis 18.30 Uhr.<\/em><\/strong><\/h3>\n<\/div>\n<\/div>\n<div class=\"h-text h-text-component style-879 style-local-356-c10 position-relative h-element\" data-colibri-id=\"356-c10\">\n<div class=\"\">\n\nDaher bieten wir, wenn die Wetterlage absehbar ist, die Informationen \u00fcber unsere Webseite und auch unseren&nbsp;\n<a class=\"customize-unpreviewable\" style=\"font-family: Arial, 'Arial Unicode MS', Helvetica, sans-serif; font-weight: 400; font-size: 14px; color: #2475bc;\" draggable=\"false\" href=\"https:\/\/www.facebook.com\/rheinfaehre\" target=\"_blank\" rel=\"nofollow noopener\"><strong>Facebook-Kanal<\/strong><\/a>&nbsp;an. Zus\u00e4tzlich k\u00f6nnen Sie direkt vor Ihrem Ausflug immer die Festnetznummer 02150-6530 anrufen, um zu erfahren, ob die F\u00e4hre wirklich in Betrieb ist.\n\n<\/div>\n<\/div>\n<\/div>\n<\/div>\n<\/div>\n<\/div>\n<\/div>\n<\/div>\n<\/div>\n<\/div>","protected":false},"excerpt":{"rendered":"<p>In 2025 wird die Personen -und Fahrradf\u00e4hre nicht zwischen Uedesheim und Himmelgeist fahren!&nbsp; &nbsp; An der F\u00e4hrstelle zwischen&nbsp;Neuss-Uedesheim&nbsp;und&nbsp;D\u00fcsseldorf-Himmelgeist&nbsp;bringt Sie unser kleineres Schiff, die&nbsp;&#8222;Maria-Franziska&#8220;, in den Sommermonaten \u00fcber den Rhein.&nbsp; &nbsp;(Nur Radfahrer und Fu\u00dfg\u00e4nger!) Bei sch\u00f6nem Wetter f\u00e4hrt die F\u00e4hre an Wochenenden und Feiertagen von 10.30 Uhr bis 18.30 Uhr. Daher bieten wir, wenn die Wetterlage [&hellip;]<\/p>\n","protected":false},"author":1,"featured_media":0,"parent":0,"menu_order":0,"comment_status":"closed","ping_status":"closed","template":"page-templates\/full-width-page.php","meta":{"ngg_post_thumbnail":0,"footnotes":""},"class_list":["post-356","page","type-page","status-publish","hentry"],"_links":{"self":[{"href":"https:\/\/rhein-faehre.de\/index.php\/wp-json\/wp\/v2\/pages\/356","targetHints":{"allow":["GET"]}}],"collection":[{"href":"https:\/\/rhein-faehre.de\/index.php\/wp-json\/wp\/v2\/pages"}],"about":[{"href":"https:\/\/rhein-faehre.de\/index.php\/wp-json\/wp\/v2\/types\/page"}],"author":[{"embeddable":true,"href":"https:\/\/rhein-faehre.de\/index.php\/wp-json\/wp\/v2\/users\/1"}],"replies":[{"embeddable":true,"href":"https:\/\/rhein-faehre.de\/index.php\/wp-json\/wp\/v2\/comments?post=356"}],"version-history":[{"count":3,"href":"https:\/\/rhein-faehre.de\/index.php\/wp-json\/wp\/v2\/pages\/356\/revisions"}],"predecessor-version":[{"id":13406,"href":"https:\/\/rhein-faehre.de\/index.php\/wp-json\/wp\/v2\/pages\/356\/revisions\/13406"}],"wp:attachment":[{"href":"https:\/\/rhein-faehre.de\/index.php\/wp-json\/wp\/v2\/media?parent=356"}],"curies":[{"name":"wp","href":"https:\/\/api.w.org\/{rel}","templated":true}]}}