{"id":348,"date":"2022-09-30T00:04:32","date_gmt":"2022-09-29T22:04:32","guid":{"rendered":"https:\/\/rhein-faehre.de\/?page_id=348"},"modified":"2025-08-26T19:21:36","modified_gmt":"2025-08-26T17:21:36","slug":"fahrpreise","status":"publish","type":"page","link":"https:\/\/rhein-faehre.de\/index.php\/fahrpreise\/","title":{"rendered":"Fahrpreise, Langst-Kaiserswerth"},"content":{"rendered":"<div class=\"style-733 style-local-348-c1 position-relative\" data-colibri-id=\"348-c1\">\n<div id=\"reusable-sections\" class=\"h-section h-section-global-spacing d-flex align-items-lg-center align-items-md-center align-items-center style-734 style-local-348-c2 position-relative\" data-colibri-component=\"section\" data-colibri-id=\"348-c2\">\n<div class=\"h-section-grid-container h-section-boxed-container\">\n<div class=\"h-row-container gutters-row-lg-0 gutters-row-md-0 gutters-row-0 gutters-row-v-lg-0 gutters-row-v-md-0 gutters-row-v-0 style-735 style-local-348-c3 position-relative\" data-colibri-id=\"348-c3\">\n<div class=\"h-row justify-content-lg-center justify-content-md-center justify-content-center align-items-lg-stretch align-items-md-stretch align-items-stretch gutters-col-lg-0 gutters-col-md-0 gutters-col-0 gutters-col-v-lg-0 gutters-col-v-md-0 gutters-col-v-0\">\n<div class=\"h-column h-column-container d-flex h-col-lg-auto h-col-md-auto h-col-auto style-736-outer style-local-348-c4-outer\">\n<div class=\"d-flex h-flex-basis h-column__inner h-px-lg-2 h-px-md-2 h-px-2 v-inner-lg-2 v-inner-md-2 v-inner-2 style-736 style-local-348-c4 position-relative\" data-colibri-id=\"348-c4\">\n<div class=\"w-100 h-y-container h-column__content h-column__v-align flex-basis-100 align-self-lg-start align-self-md-start align-self-start\">\n<div class=\"page-title style-737 style-local-348-c5 position-relative h-element\" data-colibri-id=\"348-c5\">\n<div class=\"h-page-title__outer style-737-outer style-local-348-c5-outer\">\n<div class=\"h-global-transition-all\"><span><h1 style='margin-bottom:0'>Fahrpreise, Langst-Kaiserswerth<\/h1><\/span><\/div>\n<\/div>\n<\/div>\n<\/div>\n<\/div>\n<\/div>\n<div class=\"h-column h-column-container d-flex h-col-lg-auto h-col-md-auto h-col-auto style-738-outer style-local-348-c6-outer\">\n<div class=\"d-flex h-flex-basis h-column__inner h-px-lg-2 h-px-md-2 h-px-2 v-inner-lg-2 v-inner-md-2 v-inner-2 style-738 style-local-348-c6 position-relative\" data-colibri-id=\"348-c6\">\n<div class=\"w-100 h-y-container h-column__content h-column__v-align flex-basis-100 align-self-lg-start align-self-md-start align-self-start\">\n<div class=\"h-global-transition-all h-heading style-740 style-local-348-c7 position-relative h-element\" data-colibri-id=\"348-c7\">\n<div class=\"h-heading__outer style-740 style-local-348-c7\">\n<h4 class=\"\">Einzelpreise<\/h4>\n<\/div>\n<\/div>\n<div class=\"style-787 style-local-348-c8 position-relative h-element\" data-colibri-id=\"348-c8\">\n<div class=\"\">\n<table id=\"tablepress-1\" class=\"tablepress tablepress-id-1 einzelpreise\">\n<tbody class=\"row-hover\">\n<tr class=\"row-1\">\n\t<td class=\"column-1\">PKW mit Fahrer<\/td><td class=\"column-2\">4,30\u20ac<\/td>\n<\/tr>\n<tr class=\"row-2\">\n\t<td class=\"column-1\">Fu\u00dfg\u00e4nger \/ Beifahrer<\/td><td class=\"column-2\">2,20\u20ac<\/td>\n<\/tr>\n<tr class=\"row-3\">\n\t<td class=\"column-1\">Kinderwagen mit Kind<\/td><td class=\"column-2\">2,20\u20ac<\/td>\n<\/tr>\n<tr class=\"row-4\">\n\t<td class=\"column-1\">Kinder unter 10 Jahre<\/td><td class=\"column-2\">0,70\u20ac<\/td>\n<\/tr>\n<tr class=\"row-5\">\n\t<td class=\"column-1\">Fahrrad mit Fahrer \/  Mofa\/Moped bis einschl. 50ccm<\/td><td class=\"column-2\">3,00\u20ac<\/td>\n<\/tr>\n<tr class=\"row-6\">\n\t<td class=\"column-1\">Fahrrad mit 1 Kind (unter 10 Jahre)<\/td><td class=\"column-2\">1,30\u20ac<\/td>\n<\/tr>\n<tr class=\"row-7\">\n\t<td class=\"column-1\">Tandem mit 2 Personen<\/td><td class=\"column-2\">5,20\u20ac<\/td>\n<\/tr>\n<tr class=\"row-8\">\n\t<td class=\"column-1\">Fahrradanh\u00e4nger mit 1 Kind oder Hund<\/td><td class=\"column-2\">2,20\u20ac<\/td>\n<\/tr>\n<tr class=\"row-9\">\n\t<td class=\"column-1\">Hund<\/td><td class=\"column-2\">0,70\u20ac<\/td>\n<\/tr>\n<tr class=\"row-10\">\n\t<td class=\"column-1\">Motorrad ab 80 ccm mit 1 Fahrer<\/td><td class=\"column-2\">3,50\u20ac<\/td>\n<\/tr>\n<tr class=\"row-11\">\n\t<td class=\"column-1\">Bollerwagen\/Handkarren<\/td><td class=\"column-2\">1,30\u20ac<br \/>\n<\/td>\n<\/tr>\n<tr class=\"row-12\">\n\t<td class=\"column-1\">Anh\u00e4nger PKW 1 Beifahrer frei!<\/td><td class=\"column-2\">4,30\u20ac<br \/>\n<\/td>\n<\/tr>\n<tr class=\"row-13\">\n\t<td class=\"column-1\">Traktor ohne Anhang<\/td><td class=\"column-2\">6,00\u20ac<\/td>\n<\/tr>\n<tr class=\"row-14\">\n\t<td class=\"column-1\">Anhang vom Traktor nach Gr\u00f6\u00dfe+Gewicht<\/td><td class=\"column-2\">3,00 - 20,00\u20ac<\/td>\n<\/tr>\n<tr class=\"row-15\">\n\t<td class=\"column-1\">Transporter \/ LKW<\/td><td class=\"column-2\">6,00 - 20,00\u20ac<\/td>\n<\/tr>\n<tr class=\"row-16\">\n\t<td class=\"column-1\">Wohnmobil mit Fahrer                  ab<\/td><td class=\"column-2\">6,00\u20ac<\/td>\n<\/tr>\n<\/tbody>\n<\/table>\n<!-- #tablepress-1 from cache --><\/div>\n<\/div>\n<div class=\"h-global-transition-all h-heading style-789 style-local-348-c9 position-relative h-element\" data-colibri-id=\"348-c9\">\n<div class=\"h-heading__outer style-789 style-local-348-c9\">\n<h4 class=\"\">Vielfahrerkarten<\/h4>\n<\/div>\n<\/div>\n<div class=\"style-790 style-local-348-c10 position-relative h-element\" data-colibri-id=\"348-c10\">\n<div class=\"\">\n<table id=\"tablepress-2\" class=\"tablepress tablepress-id-2 vielfahrerkarten\">\n<tbody class=\"row-hover\">\n<tr class=\"row-1\">\n\t<td class=\"column-1\">PKW - 10er Karte<\/td><td class=\"column-2\">33,00\u20ac<\/td>\n<\/tr>\n<tr class=\"row-2\">\n\t<td class=\"column-1\">PKW - 50er Karte<\/td><td class=\"column-2\">145,00\u20ac<\/td>\n<\/tr>\n<tr class=\"row-3\">\n\t<td class=\"column-1\">Fu\u00dfg\u00e4nger - 10er Karte<\/td><td class=\"column-2\">18,00\u20ac<\/td>\n<\/tr>\n<tr class=\"row-4\">\n\t<td class=\"column-1\">Fu\u00dfg\u00e4nger - 50er Karte<\/td><td class=\"column-2\">80,00\u20ac<\/td>\n<\/tr>\n<tr class=\"row-5\">\n\t<td class=\"column-1\">Fahrrad - 10er Karte<\/td><td class=\"column-2\">24,00\u20ac<\/td>\n<\/tr>\n<tr class=\"row-6\">\n\t<td class=\"column-1\">Fahrrad - 50er Karte<\/td><td class=\"column-2\">95,00\u20ac<\/td>\n<\/tr>\n<tr class=\"row-7\">\n\t<td class=\"column-1\">Motorrad - 10er Karte<\/td><td class=\"column-2\">30,00\u20ac<\/td>\n<\/tr>\n<tr class=\"row-8\">\n\t<td class=\"column-1\">Motorrad - 50er Karte<\/td><td class=\"column-2\">110,00\u20ac<\/td>\n<\/tr>\n<\/tbody>\n<\/table>\n<!-- #tablepress-2 from cache --><\/div>\n<div><span style=\"color: #ff0000;\"><strong>Alle Mehrfahrtenkarten verlieren am 19.12.2025 ihre G\u00fcltigkeit!<\/strong><\/span><\/div>\n<\/div>\n<div class=\"h-global-transition-all h-heading style-792 style-local-348-c11 position-relative h-element\" data-colibri-id=\"348-c11\">\n<div class=\"h-heading__outer style-792 style-local-348-c11\">\n<h4 class=\"\">Gruppen<\/h4>\n<\/div>\n<\/div>\n<div class=\"style-790 style-local-348-c12 position-relative h-element\" data-colibri-id=\"348-c12\">\n<div class=\"\">\n<table id=\"tablepress-3\" class=\"tablepress tablepress-id-3\">\n<tbody class=\"row-hover\">\n<tr class=\"row-1\">\n\t<td class=\"column-1\">Personengruppe: ab 10 Personen<\/td><td class=\"column-2\">1,80 \u20ac pro Person<\/td>\n<\/tr>\n<tr class=\"row-2\">\n\t<td class=\"column-1\">Personengruppe: ab 50 Personen<\/td><td class=\"column-2\">1,60 \u20ac pro Person<\/td>\n<\/tr>\n<tr class=\"row-3\">\n\t<td class=\"column-1\">Fahrradgruppe: ab 10 R\u00e4der<\/td><td class=\"column-2\">2,40 \u20ac pro Rad mit Fahrer<\/td>\n<\/tr>\n<\/tbody>\n<\/table>\n<!-- #tablepress-3 from cache --><\/div>\n<\/div>\n<div class=\"h-text h-text-component style-791 style-local-348-c13 position-relative h-element\" data-colibri-id=\"348-c13\">\n<div class=\"\">\n\nStand: 18.04.2025 G\u00fcltig ist der Aushang auf der F\u00e4hre.\n\n&nbsp;\n\nIm Fahrpreis sind 7% Mwst. enthalten.\n\nBitte haben Sie Verst\u00e4ndnis daf\u00fcr, dass Gruppenpreise von einer Person gezahlt werden m\u00fcssen.\n\nUnsere Allgemeinen Bef\u00f6rderungsbedingungen finden Sie hier:\n<h4><a href=\"https:\/\/rhein-faehre.de\/index.php\/befoerderungsbedingungen\">Allgemeine Bef\u00f6rderungsbedingungen der Rheinf\u00e4hre Langst-Kaiserswerth, Sch\u00e4fer GmbH<\/a><\/h4>\n<\/div>\n<\/div>\n<\/div>\n<\/div>\n<\/div>\n<\/div>\n<\/div>\n<\/div>\n<\/div>\n<\/div>","protected":false},"excerpt":{"rendered":"<p>Einzelpreise Vielfahrerkarten Alle Mehrfahrtenkarten verlieren am 19.12.2025 ihre G\u00fcltigkeit! Gruppen Stand: 18.04.2025 G\u00fcltig ist der Aushang auf der F\u00e4hre. &nbsp; Im Fahrpreis sind 7% Mwst. enthalten. Bitte haben Sie Verst\u00e4ndnis daf\u00fcr, dass Gruppenpreise von einer Person gezahlt werden m\u00fcssen. Unsere Allgemeinen Bef\u00f6rderungsbedingungen finden Sie hier: Allgemeine Bef\u00f6rderungsbedingungen der Rheinf\u00e4hre Langst-Kaiserswerth, Sch\u00e4fer GmbH<\/p>\n","protected":false},"author":1,"featured_media":0,"parent":0,"menu_order":0,"comment_status":"closed","ping_status":"closed","template":"page-templates\/full-width-page.php","meta":{"ngg_post_thumbnail":0,"footnotes":""},"class_list":["post-348","page","type-page","status-publish","hentry"],"_links":{"self":[{"href":"https:\/\/rhein-faehre.de\/index.php\/wp-json\/wp\/v2\/pages\/348","targetHints":{"allow":["GET"]}}],"collection":[{"href":"https:\/\/rhein-faehre.de\/index.php\/wp-json\/wp\/v2\/pages"}],"about":[{"href":"https:\/\/rhein-faehre.de\/index.php\/wp-json\/wp\/v2\/types\/page"}],"author":[{"embeddable":true,"href":"https:\/\/rhein-faehre.de\/index.php\/wp-json\/wp\/v2\/users\/1"}],"replies":[{"embeddable":true,"href":"https:\/\/rhein-faehre.de\/index.php\/wp-json\/wp\/v2\/comments?post=348"}],"version-history":[{"count":19,"href":"https:\/\/rhein-faehre.de\/index.php\/wp-json\/wp\/v2\/pages\/348\/revisions"}],"predecessor-version":[{"id":14343,"href":"https:\/\/rhein-faehre.de\/index.php\/wp-json\/wp\/v2\/pages\/348\/revisions\/14343"}],"wp:attachment":[{"href":"https:\/\/rhein-faehre.de\/index.php\/wp-json\/wp\/v2\/media?parent=348"}],"curies":[{"name":"wp","href":"https:\/\/api.w.org\/{rel}","templated":true}]}}