{"id":287,"date":"2021-12-11T14:59:56","date_gmt":"2021-12-11T13:59:56","guid":{"rendered":"https:\/\/rhein-faehre.de\/?page_id=287"},"modified":"2023-05-08T22:31:07","modified_gmt":"2023-05-08T20:31:07","slug":"impressum","status":"publish","type":"page","link":"https:\/\/rhein-faehre.de\/index.php\/impressum\/","title":{"rendered":"Impressum"},"content":{"rendered":"<div data-colibri-id=\"287-c1\" class=\"style-1006 style-local-287-c1 position-relative\">\n  <!---->\n  <div data-colibri-component=\"section\" data-colibri-id=\"287-c2\" id=\"reusable-sections\" class=\"h-section h-section-global-spacing d-flex align-items-lg-center align-items-md-center align-items-center style-1007 style-local-287-c2 position-relative\">\n    <!---->\n    <!---->\n    <div class=\"h-section-grid-container h-section-boxed-container\">\n      <!---->\n      <div data-colibri-id=\"287-c3\" class=\"h-row-container gutters-row-lg-0 gutters-row-md-0 gutters-row-0 gutters-row-v-lg-0 gutters-row-v-md-0 gutters-row-v-0 style-1008 style-local-287-c3 position-relative\">\n        <!---->\n        <div class=\"h-row justify-content-lg-center justify-content-md-center justify-content-center align-items-lg-stretch align-items-md-stretch align-items-stretch gutters-col-lg-0 gutters-col-md-0 gutters-col-0 gutters-col-v-lg-0 gutters-col-v-md-0 gutters-col-v-0\">\n          <!---->\n          <div class=\"h-column h-column-container d-flex h-col-lg-auto h-col-md-auto h-col-auto style-1009-outer style-local-287-c4-outer\">\n            <div data-colibri-id=\"287-c4\" class=\"d-flex h-flex-basis h-column__inner h-px-lg-2 h-px-md-2 h-px-2 v-inner-lg-2 v-inner-md-2 v-inner-2 style-1009 style-local-287-c4 position-relative\">\n              <!---->\n              <!---->\n              <div class=\"w-100 h-y-container h-column__content h-column__v-align flex-basis-100 align-self-lg-start align-self-md-start align-self-start\">\n                <!---->\n                <div data-colibri-id=\"287-c5\" class=\"page-title style-1010 style-local-287-c5 position-relative h-element\">\n                  <!---->\n                  <div class=\"h-page-title__outer style-1010-outer style-local-287-c5-outer\">\n                    <div class=\"h-global-transition-all\"><span><h1 style='margin-bottom:0'>Impressum<\/h1><\/span><\/div>\n                  <\/div>\n                <\/div>\n              <\/div>\n            <\/div>\n          <\/div>\n          <div class=\"h-column h-column-container d-flex h-col-lg-auto h-col-md-auto h-col-auto style-1011-outer style-local-287-c6-outer\">\n            <div data-colibri-id=\"287-c6\" class=\"d-flex h-flex-basis h-column__inner h-px-lg-2 h-px-md-2 h-px-2 v-inner-lg-2 v-inner-md-2 v-inner-2 style-1011 style-local-287-c6 position-relative\">\n              <!---->\n              <!---->\n              <div class=\"w-100 h-y-container h-column__content h-column__v-align flex-basis-100 align-self-lg-start align-self-md-start align-self-start\">\n                <!---->\n                <div data-colibri-id=\"287-c8\" class=\"h-global-transition-all h-heading style-1013 style-local-287-c8 position-relative h-element\">\n                  <!---->\n                  <div class=\"h-heading__outer style-1013 style-local-287-c8\">\n                    <!---->\n                    <!---->\n                    <h4 class=\"\">Angaben gem\u00e4\u00df \u00a7 5 TMG:<\/h4>\n                  <\/div>\n                <\/div>\n                <div data-colibri-id=\"287-c7\" class=\"h-text h-text-component style-1012 style-local-287-c7 position-relative h-element\">\n                  <!---->\n                  <!---->\n                  <div class=\"\">\n                    <p>Rheinf\u00e4hrbetrieb Sch\u00e4fer GmbH\n                      <br>Lotharstr. 22\n                      <br>40668 Meerbusch<\/p>\n                    <h4><strong>Vertreten durch:<\/strong><\/h4>\n                    <p>Hans Sch\u00e4fer, Gesch\u00e4ftsf\u00fchrer\n                      <br>Hajo Sch\u00e4fer, stellv. Gesch\u00e4ftsf\u00fchrer<\/p>\n                    <h4><strong>Kontakt:<\/strong><\/h4>\n                    <p>Telefon: +49 2150-1002<\/p>\n                    <p>Telefax: +49 2150-707793<\/p>\n                    <p>E-Mail:&nbsp;\n                      <a href=\"mailto:info@rhein-faehre.de\" style=\"font-size: 14px; font-family: Arial, &quot;Arial Unicode MS&quot;, Helvetica, sans-serif; color: rgb(36, 117, 188);\"><strong>info@rhein-faehre.de<\/strong><\/a>\n                    <\/p>\n                    <h4><strong>Registereintrag:<\/strong><\/h4>\n                    <p>Eintragung im Handelsregister.\n                      <br>Registergericht: Amtsgericht Neuss\n                      <br>Registernummer: HRB 6348<\/p>\n                    <h4><strong>Umsatzsteuer-ID:<\/strong><\/h4>\n                    <p>Umsatzsteuer-Identifikationsnummer gem\u00e4\u00df \u00a727 a Umsatzsteuergesetz:&nbsp;DE 120584075<\/p>\n                    <h4><strong>Verantwortlich f\u00fcr den Inhalt nach \u00a7 55 Abs. 2 RStV:<\/strong><\/h4>\n                    <p>Hajo Sch\u00e4fer<\/p>\n                    <h4><strong>Haftungsausschluss:<\/strong><\/h4>\n                    <p><strong>Haftung f\u00fcr Inhalte<\/strong><\/p>\n                    <p>Die Inhalte unserer Seiten wurden mit gr\u00f6\u00dfter Sorgfalt erstellt. F\u00fcr die Richtigkeit, Vollst\u00e4ndigkeit und Aktualit\u00e4t der Inhalte k\u00f6nnen wir jedoch keine Gew\u00e4hr \u00fcbernehmen. Als Diensteanbieter sind wir gem\u00e4\u00df \u00a7 7 Abs.1 TMG f\u00fcr eigene\n                      Inhalte auf diesen Seiten nach den allgemeinen Gesetzen verantwortlich. Nach \u00a7\u00a7 8 bis 10 TMG sind wir als Diensteanbieter jedoch nicht verpflichtet, \u00fcbermittelte oder gespeicherte fremde Informationen zu \u00fcberwachen oder nach Umst\u00e4nden\n                      zu forschen, die auf eine rechtswidrige T\u00e4tigkeit hinweisen. Verpflichtungen zur Entfernung oder Sperrung der Nutzung von Informationen nach den allgemeinen Gesetzen bleiben hiervon unber\u00fchrt. Eine diesbez\u00fcgliche Haftung ist jedoch\n                      erst ab dem Zeitpunkt der Kenntnis einer konkreten Rechtsverletzung m\u00f6glich. Bei Bekanntwerden von entsprechenden Rechtsverletzungen werden wir diese Inhalte umgehend entfernen.<\/p>\n                    <p><strong>Haftung f\u00fcr Links<\/strong><\/p>\n                    <p>Unser Angebot enth\u00e4lt Links zu externen Webseiten Dritter, auf deren Inhalte wir keinen Einfluss haben. Deshalb k\u00f6nnen wir f\u00fcr diese fremden Inhalte auch keine Gew\u00e4hr \u00fcbernehmen. F\u00fcr die Inhalte der verlinkten Seiten ist stets der\n                      jeweilige Anbieter oder Betreiber der Seiten verantwortlich. Die verlinkten Seiten wurden zum Zeitpunkt der Verlinkung auf m\u00f6gliche Rechtsverst\u00f6\u00dfe \u00fcberpr\u00fcft. Rechtswidrige Inhalte waren zum Zeitpunkt der Verlinkung nicht erkennbar.\n                      Eine permanente inhaltliche Kontrolle der verlinkten Seiten ist jedoch ohne konkrete Anhaltspunkte einer Rechtsverletzung nicht zumutbar. Bei Bekanntwerden von Rechtsverletzungen werden wir derartige Links umgehend entfernen.<\/p>\n                    <p><strong>Urheberrecht<\/strong><\/p>\n                    <p>Die durch die Seitenbetreiber erstellten Inhalte und Werke auf diesen Seiten unterliegen dem deutschen Urheberrecht. Die Vervielf\u00e4ltigung, Bearbeitung, Verbreitung und jede Art der Verwertung au\u00dferhalb der Grenzen des Urheberrechtes\n                      bed\u00fcrfen der schriftlichen Zustimmung des jeweiligen Autors bzw. Erstellers. Downloads und Kopien dieser Seite sind nur f\u00fcr den privaten, nicht kommerziellen Gebrauch gestattet. Soweit die Inhalte auf dieser Seite nicht vom Betreiber\n                      erstellt wurden, werden die Urheberrechte Dritter beachtet. Insbesondere werden Inhalte Dritter als solche gekennzeichnet. Sollten Sie trotzdem auf eine Urheberrechtsverletzung aufmerksam werden, bitten wir um einen entsprechenden\n                      Hinweis. Bei Bekanntwerden von Rechtsverletzungen werden wir derartige Inhalte umgehend entfernen.<\/p>\n                    <p>\n                      <br>\n                    <\/p>\n                    <p>\n                      <a href=\"https:\/\/rhein-faehre.de\/index.php\/befoerderungsbedingungen\"><strong>Allgemeine Bef\u00f6rderungsbedingungen der Rheinf\u00e4hre Langst-Kaiserswerth, Sch\u00e4fer GmbH<\/strong><\/a>\n                    <\/p>\n                    <p>\n                      <a href=\"https:\/\/rhein-faehre.de\/index.php\/datenschutzerklaerung\"><strong>Datenschutzerkl\u00e4rung<\/strong><\/a>\n                    <\/p>\n                    <p>\n                      <br>\n                    <\/p>\n                  <\/div>\n                <\/div>\n              <\/div>\n            <\/div>\n          <\/div>\n        <\/div>\n      <\/div>\n    <\/div>\n  <\/div>\n<\/div>","protected":false},"excerpt":{"rendered":"<p>Angaben gem\u00e4\u00df \u00a7 5 TMG: Rheinf\u00e4hrbetrieb Sch\u00e4fer GmbH Lotharstr. 22 40668 Meerbusch Vertreten durch: Hans Sch\u00e4fer, Gesch\u00e4ftsf\u00fchrer Hajo Sch\u00e4fer, stellv. Gesch\u00e4ftsf\u00fchrer Kontakt: Telefon: +49 2150-1002 Telefax: +49 2150-707793 E-Mail:&nbsp; info@rhein-faehre.de Registereintrag: Eintragung im Handelsregister. Registergericht: Amtsgericht Neuss Registernummer: HRB 6348 Umsatzsteuer-ID: Umsatzsteuer-Identifikationsnummer gem\u00e4\u00df \u00a727 a Umsatzsteuergesetz:&nbsp;DE 120584075 Verantwortlich f\u00fcr den Inhalt nach \u00a7 55 Abs. [&hellip;]<\/p>\n","protected":false},"author":1,"featured_media":0,"parent":0,"menu_order":0,"comment_status":"closed","ping_status":"closed","template":"page-templates\/full-width-page.php","meta":{"ngg_post_thumbnail":0,"footnotes":""},"class_list":["post-287","page","type-page","status-publish","hentry"],"_links":{"self":[{"href":"https:\/\/rhein-faehre.de\/index.php\/wp-json\/wp\/v2\/pages\/287","targetHints":{"allow":["GET"]}}],"collection":[{"href":"https:\/\/rhein-faehre.de\/index.php\/wp-json\/wp\/v2\/pages"}],"about":[{"href":"https:\/\/rhein-faehre.de\/index.php\/wp-json\/wp\/v2\/types\/page"}],"author":[{"embeddable":true,"href":"https:\/\/rhein-faehre.de\/index.php\/wp-json\/wp\/v2\/users\/1"}],"replies":[{"embeddable":true,"href":"https:\/\/rhein-faehre.de\/index.php\/wp-json\/wp\/v2\/comments?post=287"}],"version-history":[{"count":2,"href":"https:\/\/rhein-faehre.de\/index.php\/wp-json\/wp\/v2\/pages\/287\/revisions"}],"predecessor-version":[{"id":2046,"href":"https:\/\/rhein-faehre.de\/index.php\/wp-json\/wp\/v2\/pages\/287\/revisions\/2046"}],"wp:attachment":[{"href":"https:\/\/rhein-faehre.de\/index.php\/wp-json\/wp\/v2\/media?parent=287"}],"curies":[{"name":"wp","href":"https:\/\/api.w.org\/{rel}","templated":true}]}}