{"id":1395,"date":"2023-05-07T09:47:46","date_gmt":"2023-05-07T07:47:46","guid":{"rendered":"https:\/\/rhein-faehre.de\/?page_id=1395"},"modified":"2023-05-07T09:56:24","modified_gmt":"2023-05-07T07:56:24","slug":"befoerderungsbedingungen","status":"publish","type":"page","link":"https:\/\/rhein-faehre.de\/index.php\/befoerderungsbedingungen\/","title":{"rendered":"Allgemeine Bef\u00f6rderungsbedingungen"},"content":{"rendered":"<div data-colibri-id=\"1395-c1\" class=\"style-806 style-local-1395-c1 position-relative\">\n  <!---->\n  <div data-colibri-component=\"section\" data-colibri-id=\"1395-c2\" id=\"reusable-sections\" class=\"h-section h-section-global-spacing d-flex align-items-lg-center align-items-md-center align-items-center style-807 style-local-1395-c2 position-relative\">\n    <!---->\n    <!---->\n    <div class=\"h-section-grid-container h-section-boxed-container\">\n      <!---->\n      <div data-colibri-id=\"1395-c3\" class=\"h-row-container gutters-row-lg-0 gutters-row-md-0 gutters-row-0 gutters-row-v-lg-0 gutters-row-v-md-0 gutters-row-v-0 style-808 style-local-1395-c3 position-relative\">\n        <!---->\n        <div class=\"h-row justify-content-lg-center justify-content-md-center justify-content-center align-items-lg-stretch align-items-md-stretch align-items-stretch gutters-col-lg-0 gutters-col-md-0 gutters-col-0 gutters-col-v-lg-0 gutters-col-v-md-0 gutters-col-v-0\">\n          <!---->\n          <div class=\"h-column h-column-container d-flex h-col-lg-auto h-col-md-auto h-col-auto style-809-outer style-local-1395-c4-outer\">\n            <div data-colibri-id=\"1395-c4\" class=\"d-flex h-flex-basis h-column__inner h-px-lg-2 h-px-md-2 h-px-2 v-inner-lg-2 v-inner-md-2 v-inner-2 style-809 style-local-1395-c4 position-relative\">\n              <!---->\n              <!---->\n              <div class=\"w-100 h-y-container h-column__content h-column__v-align flex-basis-100 align-self-lg-start align-self-md-start align-self-start\">\n                <!---->\n                <div data-colibri-id=\"1395-c5\" class=\"page-title style-810 style-local-1395-c5 position-relative h-element\">\n                  <!---->\n                  <div class=\"h-page-title__outer style-810-outer style-local-1395-c5-outer\">\n                    <div class=\"h-global-transition-all\"><span><h1 style='margin-bottom:0'>Allgemeine Bef\u00f6rderungsbedingungen<\/h1><\/span><\/div>\n                  <\/div>\n                <\/div>\n              <\/div>\n            <\/div>\n          <\/div>\n          <div class=\"h-column h-column-container d-flex h-col-lg-auto h-col-md-auto h-col-auto style-811-outer style-local-1395-c6-outer\">\n            <div data-colibri-id=\"1395-c6\" class=\"d-flex h-flex-basis h-column__inner h-px-lg-2 h-px-md-2 h-px-2 v-inner-lg-2 v-inner-md-2 v-inner-2 style-811 style-local-1395-c6 position-relative\">\n              <!---->\n              <!---->\n              <div class=\"w-100 h-y-container h-column__content h-column__v-align flex-basis-100 align-self-lg-start align-self-md-start align-self-start\">\n                <!---->\n                <div data-colibri-id=\"1395-c7\" class=\"h-text h-text-component style-812 style-local-1395-c7 position-relative h-element\">\n                  <!---->\n                  <!---->\n                  <div class=\"\">\n                    <p><strong style=\"font-weight: 400; font-size: 13.6px;\">\u00a7 1<\/strong><span style=\"font-weight: 400; font-size: 13.6px;\">&nbsp;Geltungsbereich<\/span><\/p>\n                    <p><span style=\"font-weight: 400; font-size: 13.6px;\">Die allgemeinen Bef\u00f6rderungsbedingungenen gelten f\u00fcr die Bef\u00f6rderung und den Aufenthalt auf dem F\u00e4hrschiff und auf dem Betriebsgel\u00e4nde in Langst-Kierst und Kaiserswerth (F\u00e4hrrampen und Stellfl\u00e4che). Die STVO gilt innerhalb des gesamten F\u00e4hrbetriebsgel\u00e4ndes und auf dem F\u00e4hrschiff.<\/span><\/p>\n                    <p><strong style=\"font-weight: 400; font-size: 13.6px;\">\u00a7 2<\/strong><span style=\"font-weight: 400; font-size: 13.6px;\">&nbsp;&nbsp;Erweiterung<\/span><\/p>\n                    <ol>\n                      <li><span style=\"font-weight: 400; font-size: 13.6px;\">Die aktuelle F\u00e4hrenbetriebsverordnung (F\u00e4V) ist Teil der allgemeinen Bef\u00f6rderungsbedingungen.<\/span><\/li>\n                    <\/ol>\n                    <p><strong style=\"font-weight: 400; font-size: 13.6px;\">\u00a7 3<\/strong><span style=\"font-weight: 400; font-size: 13.6px;\">&nbsp;Bef\u00f6rderungsvertrag<\/span><\/p>\n                    <ol>\n                      <li><span style=\"font-weight: 400; font-size: 13.6px;\">Mit dem Betreten oder Befahren des F\u00e4hrschiffes kommt der Bef\u00f6rderungsvertrag zustande, der den F\u00e4hrbetrieb Sch\u00e4fer GmbH zur ordnungsgem\u00e4\u00dfen Bef\u00f6rderung und den<\/span><\/li>\n                    <\/ol>\n                    <p><span style=\"font-weight: 400; font-size: 13.6px;\">Fahrgast zur Zahlung des Fahrpreises und zur Beachtung der Bef\u00f6rderungsbestimmungen verpflichtet.<\/span><\/p>\n                    <ol>\n                      <li><span style=\"font-weight: 400; font-size: 13.6px;\">Von der Bef\u00f6rderung sind ausgeschlossen:<\/span><\/li>\n                    <\/ol>\n                    <p><span style=\"font-weight: 400; font-size: 13.6px;\">2.1. Personen, von denen eine Gef\u00e4hrdung des Schifffahrtsbetriebes, des Transportes oder<\/span><\/p>\n                    <p><span style=\"font-weight: 400; font-size: 13.6px;\">eine Bel\u00e4stigung der \u00fcbrigen Fahrg\u00e4ste oder des F\u00e4hrpersonals bzw. der Ordnung des Betriebes zu bef\u00fcrchten ist.<\/span><\/p>\n                    <p><span style=\"font-weight: 400; font-size: 13.6px;\">2.2. Fahrzeuge, die infolge Bauart, Beladung oder Zustand geeignet sind, das Schiff, seine<\/span><\/p>\n                    <p><span style=\"font-weight: 400; font-size: 13.6px;\">Ladung, die auf dem Schiff befindlichen Personen zu gef\u00e4hrden oder in unzumutbarer Weise zu bel\u00e4stigen;<\/span><\/p>\n                    <p><span style=\"font-weight: 400; font-size: 13.6px;\">2.3. gem\u00e4\u00df Randnummer 10100 der Anlage B zur Anlage 1 der Gefahrgutverordnung<\/span><\/p>\n                    <p><span style=\"font-weight: 400; font-size: 13.6px;\">Binnenschifffahrt werden nur die Freimengen von gef\u00e4hrlichen G\u00fctern der Klassen 2, 3, 4.1,4.2, 4.3, 5.1, 5.2, 6.1, 6.2, 8, 9 des ADNR auf Stra\u00dfenfahrzeugen bef\u00f6rdert.&nbsp;Der Fahrer, auf dessen Fahrzeug sich Gefahrgut befindet, ist verpflichtet das F\u00e4hrpersonal vor Befahren der F\u00e4hre hiervon in Kenntnis zu setzen.<\/span><\/p>\n                    <ol>\n                      <li><span style=\"font-weight: 400; font-size: 13.6px;\">Der Fahrgast hat die st\u00e4ndige Vorsicht und die gegenseitige R\u00fccksicht zu beachten, die mit der Benutzung eines Schiffes notwendig verbunden sind. Behinderte Personen m\u00fcssen, falls erforderlich, einen zuverl\u00e4ssigen Begleiter haben. Kinder bis zum vollendeten sechsten Lebensjahr werden nur in Begleitung Erwachsener bef\u00f6rdert.<\/span><\/li>\n                      <li><span style=\"font-weight: 400; font-size: 13.6px;\">Anspruch auf einen Sitzplatz besteht nicht.<\/span><\/li>\n                    <\/ol>\n                    <p><strong style=\"font-weight: 400; font-size: 13.6px;\">\u00a7 4&nbsp;<\/strong><span style=\"font-weight: 400; font-size: 13.6px;\">Schiffsf\u00fchrer<\/span><\/p>\n                    <p><span style=\"font-weight: 400; font-size: 13.6px;\">Der Schiffsf\u00fchrer \u00fcbt das Hausrecht aus; alle an Bord befindlichen Personen sind verpflichtet seine betriebsbedingten Weisungen und die Weisungen der von ihm Beauftragten zu befolgen.<\/span><\/p>\n                    <p><strong style=\"font-weight: 400; font-size: 13.6px;\">\u00a7 5&nbsp;<\/strong><span style=\"font-weight: 400; font-size: 13.6px;\">Fahrpl\u00e4ne<\/span><\/p>\n                    <p><span style=\"font-weight: 400; font-size: 13.6px;\">Die Fahrpl\u00e4ne werden \u00f6ffentlich bekannt gemacht und auf dem F\u00e4hrschiff sowie an den<\/span><\/p>\n                    <p><span style=\"font-weight: 400; font-size: 13.6px;\">Landestellen ausgeh\u00e4ngt. Der F\u00e4hrbetrieb haftet nicht f\u00fcr Sch\u00e4den, die durch Versp\u00e4tung oder Fahrtausf\u00e4lle verursacht werden.<\/span><\/p>\n                    <p><strong style=\"font-weight: 400; font-size: 13.6px;\">\u00a7 6<\/strong><span style=\"font-weight: 400; font-size: 13.6px;\">&nbsp;Fahrpreise<\/span><\/p>\n                    <ol>\n                      <li><span style=\"font-weight: 400; font-size: 13.6px;\">Die Fahrpreise werden nach den geltenden Bestimmungen festgesetzt und \u00f6ffentlich bekannt gegeben. Der Fahrpreis ist in Euro zu entrichten.<\/span><\/li>\n                      <li><span style=\"font-weight: 400; font-size: 13.6px;\">Das Fahrpersonal ist nicht verpflichtet, Ein- und Zwei-Cent-St\u00fccke im Betrag von mehr als zehn Cent oder erheblich besch\u00e4digte Geldscheine und M\u00fcnzen anzunehmen.<\/span><\/li>\n                      <li><span style=\"font-weight: 400; font-size: 13.6px;\">Kinder bis zum vollendeten ersten Lebensjahr in Begleitung Erwachsener werden unentgeltlich bef\u00f6rdert.<\/span><\/li>\n                      <li><span style=\"font-weight: 400; font-size: 13.6px;\">Bei Personenkraftwagen, Fahrr\u00e4dern, Motorr\u00e4dern und Nutzfahrzeugen ist der Fahrer im Fahrpreis enthalten.<\/span><\/li>\n                      <li><span style=\"font-weight: 400; font-size: 13.6px;\">Die durch das Schwerbehinderten-Gesetz begr\u00fcndete Pflicht zur unentgeltlichen Personenbef\u00f6rderung im F\u00e4hrverkehr erstreckt sich&nbsp;<\/span><em style=\"font-weight: 400; font-size: 13.6px;\">nicht auf die Bef\u00f6rderung von Fahrr\u00e4dern<\/em>\n                        <span\n                          style=\"font-weight: 400; font-size: 13.6px;\">,<\/span>\n                      <\/li>\n                    <\/ol>\n                    <p><em style=\"font-weight: 400; font-size: 13.6px;\">Kraftr\u00e4dern und Kraftwagen<\/em><span style=\"font-weight: 400; font-size: 13.6px;\">&nbsp;der durch das Gesetz beg\u00fcnstigten Behinderten. Der Behinderte ist verpflichtet eine g\u00fcltige Marke des Versorgungsamtes vorzuzeigen.<\/span><\/p>\n                    <p><strong style=\"font-weight: 400; font-size: 13.6px;\">\u00a7 7<\/strong><span style=\"font-weight: 400; font-size: 13.6px;\">&nbsp;&nbsp;Fahrausweise<\/span><\/p>\n                    <ol>\n                      <li><span style=\"font-weight: 400; font-size: 13.6px;\">Die Fahrg\u00e4ste sind verpflichtet, f\u00fcr sich selbst und f\u00fcr die von ihnen mitgef\u00fchrten Fahrzeuge sofort nach Befahren oder Betreten der F\u00e4hre den Fahrpreis zu entrichten.<\/span><\/li>\n                    <\/ol>\n                    <p><span style=\"font-weight: 400; font-size: 13.6px;\">Fahrzeugf\u00fchrer haben den Fahrpreis vor dem Verlassen des Fahrzeuges zu entrichten.<\/span><\/p>\n                    <ol>\n                      <li><span style=\"font-weight: 400; font-size: 13.6px;\">Bei Zahlungsaufforderung durch den Kassierer sind die f\u00fcr die Berechnung des Fahrpreises ma\u00dfgebenden Einzelheiten unaufgefordert anzugeben;das Schiffspersonal ist berechtigt, diese Angaben nachzupr\u00fcfen.<\/span><\/li>\n                    <\/ol>\n                    <p><strong style=\"font-weight: 400; font-size: 13.6px;\">\u00a7 8<\/strong><span style=\"font-weight: 400; font-size: 13.6px;\">&nbsp;Einweisen der Fahrzeuge<\/span><\/p>\n                    <ol>\n                      <li><span style=\"font-weight: 400; font-size: 13.6px;\">Die Fahrzeuge befahren das F\u00e4hrschiff grunds\u00e4tzlich in der Reihenfolge in welcher sie beim Ladeplatz ankommen.<\/span><\/li>\n                      <li><span style=\"font-weight: 400; font-size: 13.6px;\">Fahrzeuge im Sinne des \u00a7 35 der Stra\u00dfenverkehrsordnung haben Vorrang.<\/span><\/li>\n                      <li><span style=\"font-weight: 400; font-size: 13.6px;\">Absatz 1 gilt nicht, wenn Fahrzeuge aus betriebstechnischen Gr\u00fcnden, insbesondere zur<\/span><\/li>\n                    <\/ol>\n                    <p><span style=\"font-weight: 400; font-size: 13.6px;\">gleichm\u00e4\u00dfigen Belastung und optimalen Beladung des Schiffes, vom F\u00e4hrpersonal eingewiesen werden.<\/span><\/p>\n                    <ol>\n                      <li><span style=\"font-weight: 400; font-size: 13.6px;\">Die vom Schiffspersonal zugewiesenen Stellpl\u00e4tze sind einzuhalten. Dies gilt f\u00fcr alle Fahrzeuge, auch f\u00fcr Zweir\u00e4der, Handwagen etc.<\/span><\/li>\n                      <li><span style=\"font-weight: 400; font-size: 13.6px;\">Zur Sicherstellung eines sicheren und z\u00fcgigen Ladeablaufes sind nachstehende Grunds\u00e4tze von den Fahrzeugf\u00fchrern zu beachten:<\/span><\/li>\n                    <\/ol>\n                    <p><span style=\"font-weight: 400; font-size: 13.6px;\">Langsam ein- und ausfahren (max. 15 km\/h), Motor abstellen, Gang einlegen, Handbremse anziehen.<\/span><\/p>\n                    <p><span style=\"font-weight: 400; font-size: 13.6px;\">F\u00fcr Besch\u00e4digungen beim Auf- und Abfahren, auch beim Einweisen, ist jeder Fahrzeugf\u00fchrer selbst verantwortlich.<\/span><\/p>\n                    <p><strong style=\"font-weight: 400; font-size: 13.6px;\">\u00a7 9<\/strong><span style=\"font-weight: 400; font-size: 13.6px;\">&nbsp;Ordnungsvorschriften<\/span><\/p>\n                    <ol>\n                      <li><span style=\"font-weight: 400; font-size: 13.6px;\">Die Fahrg\u00e4ste und die Benutzer der Landestellen m\u00fcssen sich so verhalten, dass sie die Sicherheit des Schiffsverkehrs und die Ordnung an Bord sowie an den Landestellen nicht<\/span><\/li>\n                    <\/ol>\n                    <p><span style=\"font-weight: 400; font-size: 13.6px;\">beeintr\u00e4chtigen. Um die gefahrlose Benutzung des F\u00e4hrschiffs zu gew\u00e4hrleisten, d\u00fcrfen die<\/span><\/p>\n                    <p><span style=\"font-weight: 400; font-size: 13.6px;\">Fahrg\u00e4ste zum Ein- und Aussteigen nur die dazu bestimmten Ein- und Ausg\u00e4nge, Landebr\u00fccken und Landestege, Zug\u00e4nge und Treppen benutzen; kein Fahrgast darf<\/span><\/p>\n                    <p><span style=\"font-weight: 400; font-size: 13.6px;\">ein- oder aussteigen, bevor der Schiffsf\u00fchrer oder sein Beauftragter die Erlaubnis hierzu<\/span><\/p>\n                    <p><span style=\"font-weight: 400; font-size: 13.6px;\">erteilt hat. Die Fahrg\u00e4ste m\u00fcssen, unbeschadet der Weisungsbefugnis des Schiffsf\u00fchrers auch die Weisung der f\u00fcr die Landestellen verantwortlichen Personen befolgen.<\/span><\/p>\n                    <ol>\n                      <li><span style=\"font-weight: 400; font-size: 13.6px;\">Die Beaufsichtigung von Kindern obliegt den Begleitern.<\/span><\/li>\n                      <li><span style=\"font-weight: 400; font-size: 13.6px;\">Auf den B\u00e4nken ist Knien oder Stehen untersagt. Aufbauten und Schranken d\u00fcrfen nicht bestiegen oder als Sitz benutzt werden.<\/span><\/li>\n                      <li><span style=\"font-weight: 400; font-size: 13.6px;\">An den Anlegestellen ist vor dem Betreten der F\u00e4hre zu warten, bis diese entladen ist. Ein Sicherheitsabstand von Landeklappe, Draht, Kette, Tau ist zu wahren. Dem die F\u00e4hre<\/span><\/li>\n                    <\/ol>\n                    <p><span style=\"font-weight: 400; font-size: 13.6px;\">verlassenden Verkehr ist ausreichend Platz einzur\u00e4umen. Beim Verlassen der F\u00e4hre ist Fahrzeugen Vorrang einzur\u00e4umen.<\/span><\/p>\n                    <p><strong style=\"font-weight: 400; font-size: 13.6px;\">\u00a7 10<\/strong><span style=\"font-weight: 400; font-size: 13.6px;\">&nbsp;Haftung<\/span><\/p>\n                    <ol>\n                      <li><span style=\"font-weight: 400; font-size: 13.6px;\">Fahrg\u00e4ste haften f\u00fcr Sch\u00e4den, die sie schuldhaft verursachen.<\/span><\/li>\n                      <li><span style=\"font-weight: 400; font-size: 13.6px;\">Der F\u00e4hrbetrieb haftet im Rahmen der Allg. und Besonderen Versicherungsbedingungen f\u00fcr Personen- und Sachsch\u00e4den, die einem Fahrgast durch das Schiffspersonal in<\/span><\/li>\n                    <\/ol>\n                    <p><span style=\"font-weight: 400; font-size: 13.6px;\">Ausf\u00fchrung der Dienstverrichtungen vors\u00e4tzlich oder grob fahrl\u00e4ssig zugef\u00fcgt werden; diese Sch\u00e4den sind dem Schiffsf\u00fchrer vor dem Verlassen des Schiffes zu melden.<\/span><\/p>\n                    <ol>\n                      <li><span style=\"font-weight: 400; font-size: 13.6px;\">Der F\u00e4hrbetrieb haftet nicht f\u00fcr Sch\u00e4den, die durch Witterungseinfl\u00fcsse, Betriebsst\u00f6rungen, Streik oder h\u00f6here Gewalt verursacht werden.<\/span><\/li>\n                      <li><span style=\"font-weight: 400; font-size: 13.6px;\">Etwaige Ersatzanspr\u00fcche richten Sie bitte an Rheinf\u00e4hrbetrieb Sch\u00e4fer GmbH, Lotharstr. 22, 40668 Meerbusch<\/span><\/li>\n                    <\/ol>\n                    <p><span style=\"font-weight: 400; font-size: 13.6px;\">Im \u00dcbrigen ist die Haftung ausgeschlossen, soweit nicht ein Fall der T\u00f6tung oder Verletzung des K\u00f6rpers oder der Gesundheit vorliegt.<\/span><\/p>\n                    <p><strong style=\"font-weight: 400; font-size: 13.6px;\">\u00a7 11<\/strong><span style=\"font-weight: 400; font-size: 13.6px;\">&nbsp;&nbsp;Fahrzeuge<\/span><\/p>\n                    <ol>\n                      <li><span style=\"font-weight: 400; font-size: 13.6px;\">Fahrzeuge sind sicher aufzustellen und, falls erforderlich, an den R\u00e4dern zu verkeilen oder mit Hemmschuhen zu versehen. Bei Kraftfahrzeugen ist die Handbremse anzuziehen, ein Gang einzulegen und beim Verlassen des Fahrzeuges der Z\u00fcndschl\u00fcssel abzuziehen.<\/span><\/li>\n                      <li><span style=\"font-weight: 400; font-size: 13.6px;\">Zweir\u00e4der sind gegen Umfallen zu sichern, ggf. w\u00e4hrend der \u00dcberfahrt festzuhalten, wenn eine ausreichende Standsicherheit nicht gew\u00e4hrleistet ist. Dabei ist zu beachten, dass durch Wellengang und Schlingerbewegungen des Schiffes Zweir\u00e4der besonders abgesichert sein m\u00fcssen.<\/span><\/li>\n                      <li><span style=\"font-weight: 400; font-size: 13.6px;\">Das Fahrdeck ist kein \u00fcberwachter Parkplatz.<\/span><\/li>\n                    <\/ol>\n                    <p><strong style=\"font-weight: 400; font-size: 13.6px;\">\u00a7 12&nbsp;<\/strong><span style=\"font-weight: 400; font-size: 13.6px;\">Kinderwagen, Handgep\u00e4ck, Traglasten, Kleintiere, Hunde und sonstige G\u00fcter<\/span><\/p>\n                    <ol>\n                      <li><span style=\"font-weight: 400; font-size: 13.6px;\">Kinderwagen nehmen an Deck den Platz einer Person ein, daher ist er zu behandeln wie eine Person.<\/span><\/li>\n                      <li><span style=\"font-weight: 400; font-size: 13.6px;\">Werden G\u00fcter bis 2 kg ohne Begleitpersonen verladen, so ist ein Botentarif (entspricht der Einzelfahrt eines Erwachsenen) zu entrichten und an der Anlegestelle muss eine geeignete Person zum Entladen bereitstehen. Eine Haftung ist ausgeschlossen.<\/span><\/li>\n                      <li><span style=\"font-weight: 400; font-size: 13.6px;\">Hunde sind an kurzer Leine zu f\u00fchren.<\/span><\/li>\n                    <\/ol>\n                    <p><strong style=\"font-weight: 400; font-size: 13.6px;\">\u00a7 13<\/strong><span style=\"font-weight: 400; font-size: 13.6px;\">&nbsp;&nbsp;Inkrafttreten<\/span><\/p>\n                    <p><span style=\"font-weight: 400; font-size: 13.6px;\">Diese Bestimmungen treten am Tage ihrer Bekanntgabe in Kraft. Die Bekanntgabe erfolgt durch Aushang.<\/span><\/p>\n                    <p><strong style=\"font-weight: 400; font-size: 13.6px;\">\u00a7 14<\/strong><span style=\"font-weight: 400; font-size: 13.6px;\">&nbsp;Gerichtsstand<\/span><\/p>\n                    <p><span style=\"font-weight: 400; font-size: 13.6px;\">Gerichtsstand ist Neuss<\/span><\/p>\n                    <p><span style=\"font-weight: 400; font-size: 13.6px;\">Meerbusch, den 01.02.1995<\/span><\/p>\n                    <p>\n                      <br>\n                    <\/p>\n                  <\/div>\n                <\/div>\n              <\/div>\n            <\/div>\n          <\/div>\n        <\/div>\n      <\/div>\n    <\/div>\n  <\/div>\n<\/div>","protected":false},"excerpt":{"rendered":"<p>\u00a7 1&nbsp;Geltungsbereich Die allgemeinen Bef\u00f6rderungsbedingungenen gelten f\u00fcr die Bef\u00f6rderung und den Aufenthalt auf dem F\u00e4hrschiff und auf dem Betriebsgel\u00e4nde in Langst-Kierst und Kaiserswerth (F\u00e4hrrampen und Stellfl\u00e4che). Die STVO gilt innerhalb des gesamten F\u00e4hrbetriebsgel\u00e4ndes und auf dem F\u00e4hrschiff. \u00a7 2&nbsp;&nbsp;Erweiterung Die aktuelle F\u00e4hrenbetriebsverordnung (F\u00e4V) ist Teil der allgemeinen Bef\u00f6rderungsbedingungen. \u00a7 3&nbsp;Bef\u00f6rderungsvertrag Mit dem Betreten oder Befahren [&hellip;]<\/p>\n","protected":false},"author":1,"featured_media":0,"parent":0,"menu_order":0,"comment_status":"closed","ping_status":"closed","template":"page-templates\/full-width-page.php","meta":{"ngg_post_thumbnail":0,"footnotes":""},"class_list":["post-1395","page","type-page","status-publish","hentry"],"_links":{"self":[{"href":"https:\/\/rhein-faehre.de\/index.php\/wp-json\/wp\/v2\/pages\/1395","targetHints":{"allow":["GET"]}}],"collection":[{"href":"https:\/\/rhein-faehre.de\/index.php\/wp-json\/wp\/v2\/pages"}],"about":[{"href":"https:\/\/rhein-faehre.de\/index.php\/wp-json\/wp\/v2\/types\/page"}],"author":[{"embeddable":true,"href":"https:\/\/rhein-faehre.de\/index.php\/wp-json\/wp\/v2\/users\/1"}],"replies":[{"embeddable":true,"href":"https:\/\/rhein-faehre.de\/index.php\/wp-json\/wp\/v2\/comments?post=1395"}],"version-history":[{"count":3,"href":"https:\/\/rhein-faehre.de\/index.php\/wp-json\/wp\/v2\/pages\/1395\/revisions"}],"predecessor-version":[{"id":1415,"href":"https:\/\/rhein-faehre.de\/index.php\/wp-json\/wp\/v2\/pages\/1395\/revisions\/1415"}],"wp:attachment":[{"href":"https:\/\/rhein-faehre.de\/index.php\/wp-json\/wp\/v2\/media?parent=1395"}],"curies":[{"name":"wp","href":"https:\/\/api.w.org\/{rel}","templated":true}]}}